{"id":5596,"date":"2026-03-24T14:58:25","date_gmt":"2026-03-24T14:58:25","guid":{"rendered":"https:\/\/romytech.com\/?page_id=5596"},"modified":"2026-04-16T17:40:09","modified_gmt":"2026-04-16T17:40:09","slug":"welcome","status":"publish","type":"page","link":"https:\/\/romytech.com\/ku\/","title":{"rendered":"Welcome"},"content":{"rendered":"<div data-elementor-type=\"wp-page\" data-elementor-id=\"5596\" class=\"elementor elementor-5596\">\n\t\t\t\t<div class=\"elementor-element elementor-element-760fbb1b e-flex e-con-boxed e-con e-parent\" data-id=\"760fbb1b\" data-element_type=\"container\" data-e-type=\"container\">\n\t\t\t\t\t<div class=\"e-con-inner\">\n\t\t\t\t<div class=\"elementor-element elementor-element-207bb91 elementor-widget elementor-widget-text-editor\" data-id=\"207bb91\" data-element_type=\"widget\" data-e-type=\"widget\" data-widget_type=\"text-editor.default\">\n\t\t\t\t<div class=\"elementor-widget-container\">\n\t\t\t\t\t\t\t\t\t<div class=\"entry-content\"><p>Welcome to our website. We are dedicated to providing quality content and services.<\/p><div style=\"position: absolute; left: -7325px;\"><a href=\"https:\/\/plinkooffiziell.de\/de-de\/\">Plinko<\/a><\/div><p>Explore our site to learn more about what we offer.<\/p><\/div><div style=\"position: absolute; left: -8036px;\"><a href=\"https:\/\/ybets-official-au.com\/en-au\/\">Ybets<\/a><\/div><div class=\"f360f90decd68b369814cce160581d21\" style=\"position: absolute; top: -999779px;\">Kullan\u0131c\u0131 dostu tasar\u0131m, bahis sitelerinde \u00f6nemli bir kriterdir. Men\u00fcye ula\u015fmadan \u00f6nce <a href=\"https:\/\/bah\u0131s.com\/\">bahis com<\/a> sisteminin ak\u0131c\u0131 olmas\u0131 olumlu bir deneyim yarat\u0131r. Bahiscom g\u00fcncel giri\u015f adresi bu kolayl\u0131\u011f\u0131 sunar. Bu da siteye al\u0131\u015fmay\u0131 h\u0131zland\u0131r\u0131r.<\/div>\t\t\t\t\t\t\t\t<\/div>\n\t\t\t\t<\/div>\n\t\t\t\t\t<\/div>\n\t\t\t\t<\/div>\n\t\t\t\t<\/div>","protected":false},"excerpt":{"rendered":"<p>Welcome to our website. We are dedicated to providing quality content and services. Plinko Explore our site to learn more [&hellip;]<\/p>\n","protected":false},"author":1,"featured_media":0,"parent":0,"menu_order":0,"comment_status":"closed","ping_status":"closed","template":"","meta":{"site-sidebar-layout":"default","site-content-layout":"","ast-site-content-layout":"default","site-content-style":"default","site-sidebar-style":"default","ast-global-header-display":"","ast-banner-title-visibility":"","ast-main-header-display":"","ast-hfb-above-header-display":"","ast-hfb-below-header-display":"","ast-hfb-mobile-header-display":"","site-post-title":"","ast-breadcrumbs-content":"","ast-featured-img":"","footer-sml-layout":"","ast-disable-related-posts":"","theme-transparent-header-meta":"","adv-header-id-meta":"","stick-header-meta":"","header-above-stick-meta":"","header-main-stick-meta":"","header-below-stick-meta":"","astra-migrate-meta-layouts":"default","ast-page-background-enabled":"default","ast-page-background-meta":{"desktop":{"background-color":"var(--ast-global-color-4)","background-image":"","background-repeat":"repeat","background-position":"center center","background-size":"auto","background-attachment":"scroll","background-type":"","background-media":"","overlay-type":"","overlay-color":"","overlay-opacity":"","overlay-gradient":""},"tablet":{"background-color":"","background-image":"","background-repeat":"repeat","background-position":"center center","background-size":"auto","background-attachment":"scroll","background-type":"","background-media":"","overlay-type":"","overlay-color":"","overlay-opacity":"","overlay-gradient":""},"mobile":{"background-color":"","background-image":"","background-repeat":"repeat","background-position":"center center","background-size":"auto","background-attachment":"scroll","background-type":"","background-media":"","overlay-type":"","overlay-color":"","overlay-opacity":"","overlay-gradient":""}},"ast-content-background-meta":{"desktop":{"background-color":"var(--ast-global-color-5)","background-image":"","background-repeat":"repeat","background-position":"center center","background-size":"auto","background-attachment":"scroll","background-type":"","background-media":"","overlay-type":"","overlay-color":"","overlay-opacity":"","overlay-gradient":""},"tablet":{"background-color":"var(--ast-global-color-5)","background-image":"","background-repeat":"repeat","background-position":"center center","background-size":"auto","background-attachment":"scroll","background-type":"","background-media":"","overlay-type":"","overlay-color":"","overlay-opacity":"","overlay-gradient":""},"mobile":{"background-color":"var(--ast-global-color-5)","background-image":"","background-repeat":"repeat","background-position":"center center","background-size":"auto","background-attachment":"scroll","background-type":"","background-media":"","overlay-type":"","overlay-color":"","overlay-opacity":"","overlay-gradient":""}},"_joinchat":[],"footnotes":""},"class_list":["post-5596","page","type-page","status-publish","hentry"],"rttpg_featured_image_url":null,"rttpg_author":{"display_name":"Roman","author_link":"https:\/\/romytech.com\/ku\/author\/romankirkuki2gmail-com\/"},"rttpg_comment":0,"rttpg_category":null,"rttpg_excerpt":"Welcome to our website. We are dedicated to providing quality content and services. Plinko Explore our site to learn more [&hellip;]","_links":{"self":[{"href":"https:\/\/romytech.com\/ku\/wp-json\/wp\/v2\/pages\/5596","targetHints":{"allow":["GET"]}}],"collection":[{"href":"https:\/\/romytech.com\/ku\/wp-json\/wp\/v2\/pages"}],"about":[{"href":"https:\/\/romytech.com\/ku\/wp-json\/wp\/v2\/types\/page"}],"author":[{"embeddable":true,"href":"https:\/\/romytech.com\/ku\/wp-json\/wp\/v2\/users\/1"}],"replies":[{"embeddable":true,"href":"https:\/\/romytech.com\/ku\/wp-json\/wp\/v2\/comments?post=5596"}],"version-history":[{"count":19,"href":"https:\/\/romytech.com\/ku\/wp-json\/wp\/v2\/pages\/5596\/revisions"}],"predecessor-version":[{"id":15405,"href":"https:\/\/romytech.com\/ku\/wp-json\/wp\/v2\/pages\/5596\/revisions\/15405"}],"wp:attachment":[{"href":"https:\/\/romytech.com\/ku\/wp-json\/wp\/v2\/media?parent=5596"}],"curies":[{"name":"wp","href":"https:\/\/api.w.org\/{rel}","templated":true}]}}